{"id":62782,"date":"2023-04-10T14:20:05","date_gmt":"2023-04-10T14:20:05","guid":{"rendered":"https:\/\/performancebyhm.com\/fr\/?page_id=62782"},"modified":"2023-06-07T09:18:34","modified_gmt":"2023-06-07T09:18:34","slug":"histoire-performance-by-hm","status":"publish","type":"page","link":"https:\/\/performancebyhm.com\/fr\/histoire-performance-by-hm\/","title":{"rendered":"Histoire PERFORMANCE BY HM"},"content":{"rendered":"<p>[et_pb_section fb_built=&#8221;1&#8243; custom_padding_last_edited=&#8221;on|phone&#8221; disabled_on=&#8221;off|off|off&#8221; _builder_version=&#8221;4.20.4&#8243; background_enable_color=&#8221;off&#8221; custom_margin=&#8221;0px||0px||true|false&#8221; custom_padding=&#8221;0px||0px||false|false&#8221; custom_padding_tablet=&#8221;100px||100px||true|false&#8221; custom_padding_phone=&#8221;20px||80px||false|false&#8221; saved_tabs=&#8221;all&#8221; locked=&#8221;off&#8221; global_colors_info=&#8221;{}&#8221;][et_pb_row column_structure=&#8221;2_5,3_5&#8243; make_equal=&#8221;on&#8221; custom_padding_last_edited=&#8221;on|phone&#8221; _builder_version=&#8221;4.20.4&#8243; width=&#8221;90%&#8221; width_tablet=&#8221;80%&#8221; width_phone=&#8221;100%&#8221; width_last_edited=&#8221;on|phone&#8221; max_width=&#8221;100%&#8221; module_alignment=&#8221;center&#8221; custom_margin=&#8221;0px||0px||true|false&#8221; custom_padding=&#8221;80px||0px|0px|false|false&#8221; custom_padding_tablet=&#8221;80px||0px|0px|false|false&#8221; custom_padding_phone=&#8221;0px||0px|0px|false|false&#8221; locked=&#8221;off&#8221; global_colors_info=&#8221;{}&#8221;][et_pb_column type=&#8221;2_5&#8243; _builder_version=&#8221;4.16&#8243; global_colors_info=&#8221;{}&#8221;][et_pb_image src=&#8221;https:\/\/performancebyhm.com\/fr\/wp-content\/uploads\/2023\/04\/Historia_PERFORMANCE_BY_HM_final3.jpg&#8221; title_text=&#8221;Historia_PERFORMANCE_BY_HM_final3&#8243; align=&#8221;center&#8221; _builder_version=&#8221;4.20.4&#8243; custom_margin=&#8221;0px||0px||true|false&#8221; custom_margin_tablet=&#8221;||||true|false&#8221; custom_margin_phone=&#8221;0px|||0px|false|false&#8221; custom_margin_last_edited=&#8221;on|phone&#8221; custom_padding=&#8221;0px||0px||true|false&#8221; animation_style=&#8221;slide&#8221; animation_direction=&#8221;left&#8221; animation_duration=&#8221;1500ms&#8221; animation_intensity_slide=&#8221;5%&#8221; border_radii=&#8221;on|5px|5px|5px|5px&#8221; border_radii_tablet=&#8221;on|5px|5px|5px|5px&#8221; border_radii_phone=&#8221;on|0px|0px|0px|0px&#8221; border_radii_last_edited=&#8221;on|phone&#8221; global_colors_info=&#8221;{}&#8221;][\/et_pb_image][\/et_pb_column][et_pb_column type=&#8221;3_5&#8243; _builder_version=&#8221;4.20.4&#8243; global_colors_info=&#8221;{}&#8221;][et_pb_text _builder_version=&#8221;4.21.0&#8243; text_font=&#8221;||||||||&#8221; header_font=&#8221;|700|||||||&#8221; header_text_color=&#8221;rgba(232,173,157,0.5)&#8221; header_font_size=&#8221;44px&#8221; header_line_height=&#8221;1.1em&#8221; header_2_font=&#8221;|300|||||||&#8221; header_2_font_size=&#8221;24px&#8221; header_2_line_height=&#8221;1.3em&#8221; width_tablet=&#8221;&#8221; width_phone=&#8221;80%&#8221; width_last_edited=&#8221;on|phone&#8221; max_width=&#8221;800px&#8221; custom_margin=&#8221;0px||0px||true|false&#8221; custom_padding=&#8221;20%|100px|20px||false|false&#8221; custom_padding_tablet=&#8221;0px||||false|false&#8221; custom_padding_phone=&#8221;10px|0px|||false|false&#8221; custom_padding_last_edited=&#8221;on|desktop&#8221; animation_style=&#8221;slide&#8221; animation_direction=&#8221;right&#8221; animation_duration=&#8221;1500ms&#8221; animation_intensity_slide=&#8221;5%&#8221; header_font_size_tablet=&#8221;30px&#8221; header_font_size_phone=&#8221;24px&#8221; header_font_size_last_edited=&#8221;on|desktop&#8221; header_line_height_tablet=&#8221;1.1em&#8221; header_line_height_phone=&#8221;1.4em&#8221; header_line_height_last_edited=&#8221;on|phone&#8221; header_2_font_size_tablet=&#8221;24px&#8221; header_2_font_size_phone=&#8221;20px&#8221; header_2_font_size_last_edited=&#8221;on|phone&#8221; module_alignment_tablet=&#8221;&#8221; module_alignment_phone=&#8221;center&#8221; module_alignment_last_edited=&#8221;on|phone&#8221; text_text_align=&#8221;center&#8221; locked=&#8221;off&#8221; global_colors_info=&#8221;{}&#8221;]<\/p>\n<h1 style=\"padding-bottom: 8px; padding-top: 0px;\">Histoire<\/h1>\n<h2 style=\"padding-bottom: 0px; padding-top: 0px;\">Herm\u00ednia Macieira travaille dans le secteur<br \/>\ntextile depuis 1985.<\/h2>\n<p>[\/et_pb_text][et_pb_text module_class=&#8221;ullib&#8221; _builder_version=&#8221;4.21.0&#8243; text_font=&#8221;||||||||&#8221; header_font=&#8221;||||||||&#8221; header_font_size=&#8221;34px&#8221; header_line_height=&#8221;1.1em&#8221; width_tablet=&#8221;&#8221; width_phone=&#8221;80%&#8221; width_last_edited=&#8221;on|phone&#8221; max_width=&#8221;900px&#8221; custom_margin=&#8221;0px||0px||true|false&#8221; custom_padding=&#8221;0px|100px|0px||false|false&#8221; custom_padding_tablet=&#8221;0px||||false|false&#8221; custom_padding_phone=&#8221;0px|0px|||false|false&#8221; custom_padding_last_edited=&#8221;on|phone&#8221; animation_style=&#8221;slide&#8221; animation_direction=&#8221;right&#8221; animation_duration=&#8221;1500ms&#8221; animation_intensity_slide=&#8221;5%&#8221; hover_enabled=&#8221;0&#8243; text_font_size_tablet=&#8221;&#8221; text_font_size_phone=&#8221;14px&#8221; text_font_size_last_edited=&#8221;on|phone&#8221; header_font_size_tablet=&#8221;28px&#8221; header_font_size_phone=&#8221;22px&#8221; header_font_size_last_edited=&#8221;on|phone&#8221; module_alignment_tablet=&#8221;&#8221; module_alignment_phone=&#8221;center&#8221; module_alignment_last_edited=&#8221;on|phone&#8221; text_text_align=&#8221;center&#8221; locked=&#8221;off&#8221; global_colors_info=&#8221;{}&#8221; sticky_enabled=&#8221;0&#8243;]<\/p>\n<p>Ses connaissances approfondies dans le domaine du textile et de l&#8217;habillement ont permis \u00e0 la soci\u00e9t\u00e9 Herm\u00ednia &amp; Jos\u00e9 Macieira, fond\u00e9e en 2001, de devenir rapidement une r\u00e9f\u00e9rence sur le march\u00e9, offrant des produits de qualit\u00e9 \u00e0 ses clients, situ\u00e9s essentiellement en Europe.<\/p>\n<p>Le 15 octobre 2020, Herm\u00ednia Macieira cr\u00e9e la soci\u00e9t\u00e9 <strong>Performance By HM<\/strong>, une entreprise qui combine le parcours professionnel de sa fondatrice, ayant plus de deux d\u00e9cennies d&#8217;exp\u00e9rience dans le secteur, avec l&#8217;enrichissement constant de ses ressources humaines et mat\u00e9rielles.<\/p>\n<p><strong>Performance By HM<\/strong> est bien consciente de l&#8217;importance et de l&#8217;impact que <strong>l&#8217;industrie du textile et de l&#8217;habillement<\/strong> ont sur l&#8217;\u00e9conomie nationale, ainsi que de la responsabilit\u00e9 qu&#8217;elle s&#8217;engage \u00e0 assumer envers ses clients et partenaires.<\/p>\n<p>L&#8217;activit\u00e9 de l&#8217;entreprise est ax\u00e9e sur le secteur textile, avec une attention particuli\u00e8re port\u00e9e \u00e0 l&#8217;activit\u00e9 d&#8217;agence et au commerce de produits textiles, de v\u00eatements et de chaussures.<\/p>\n<p><strong>L&#8217;honn\u00eatet\u00e9, la transparence, la proximit\u00e9 et l&#8217;entraide<\/strong> sont quelques-unes des caract\u00e9ristiques d&#8217;Herm\u00ednia Macieira qui aident \u00e0 renforcer les relations qu&#8217;elle \u00e9tablit avec ses partenaires.<\/p>\n<p>La soci\u00e9t\u00e9 pr\u00e9pare actuellement le processus de certification de son syst\u00e8me qualit\u00e9 conform\u00e9ment \u00e0 la norme de qualit\u00e9 internationale <strong>ISO 9001:2015<\/strong>.<\/p>\n<p>[\/et_pb_text][\/et_pb_column][\/et_pb_row][\/et_pb_section][et_pb_section fb_built=&#8221;1&#8243; disabled_on=&#8221;off|off|off&#8221; _builder_version=&#8221;4.21.0&#8243; _module_preset=&#8221;default&#8221; background_enable_color=&#8221;off&#8221; background_image=&#8221;https:\/\/performancebyhm.com\/fr\/wp-content\/uploads\/2023\/06\/hm_footer_final3.png&#8221; custom_margin=&#8221;200px||0px||false|false&#8221; custom_margin_tablet=&#8221;120px||0px||false|false&#8221; custom_margin_phone=&#8221;120px||0px||false|false&#8221; custom_margin_last_edited=&#8221;on|tablet&#8221; custom_padding=&#8221;50px||50px||true|false&#8221; background_color_phone=&#8221;#E8AD9D&#8221; background_last_edited=&#8221;on|phone&#8221; background_enable_color_phone=&#8221;on&#8221; background_enable_image_phone=&#8221;off&#8221; global_module=&#8221;62587&#8243; saved_tabs=&#8221;all&#8221; global_colors_info=&#8221;{}&#8221;][et_pb_row _builder_version=&#8221;4.20.2&#8243; _module_preset=&#8221;default&#8221; custom_margin=&#8221;-95px||||false|false&#8221; custom_padding=&#8221;0px||60px||false|false&#8221; global_colors_info=&#8221;{}&#8221;][et_pb_column type=&#8221;4_4&#8243; _builder_version=&#8221;4.20.2&#8243; _module_preset=&#8221;default&#8221; global_colors_info=&#8221;{}&#8221;][et_pb_image src=&#8221;https:\/\/performancebyhm.com\/fr\/wp-content\/uploads\/2023\/04\/hm_icon_footer_white.png&#8221; title_text=&#8221;hm_icon_footer_white&#8221; align=&#8221;center&#8221; _builder_version=&#8221;4.20.2&#8243; _module_preset=&#8221;default&#8221; width=&#8221;100px&#8221; animation_style=&#8221;slide&#8221; animation_direction=&#8221;bottom&#8221; animation_duration=&#8221;1500ms&#8221; animation_intensity_slide=&#8221;20%&#8221; border_radii=&#8221;on|50px|50px|50px|50px&#8221; box_shadow_style=&#8221;preset1&#8243; box_shadow_color=&#8221;rgba(0,0,0,0.18)&#8221; global_colors_info=&#8221;{}&#8221;][\/et_pb_image][et_pb_text _builder_version=&#8221;4.20.2&#8243; _module_preset=&#8221;default&#8221; text_font=&#8221;|300|||||||&#8221; text_text_color=&#8221;#ffdbd1&#8243; text_font_size=&#8221;30px&#8221; text_orientation=&#8221;center&#8221; background_layout=&#8221;dark&#8221; custom_padding=&#8221;10px||10px||false|false&#8221; animation_style=&#8221;fade&#8221; animation_duration=&#8221;1500ms&#8221; text_font_size_tablet=&#8221;30px&#8221; text_font_size_phone=&#8221;21px&#8221; text_font_size_last_edited=&#8221;on|phone&#8221; global_colors_info=&#8221;{}&#8221;]Your Fashion. Our Mission.[\/et_pb_text][et_pb_button button_url=&#8221;https:\/\/performancebyhm.com\/fr\/contacts\/&#8221; button_text=&#8221;Contactez-nous&#8221; button_alignment=&#8221;center&#8221; _builder_version=&#8221;4.21.0&#8243; _module_preset=&#8221;default&#8221; custom_button=&#8221;on&#8221; button_text_size=&#8221;12px&#8221; button_text_color=&#8221;#333333&#8243; button_bg_color=&#8221;#f7c9bc&#8221; button_border_color=&#8221;#f7c9bc&#8221; button_use_icon=&#8221;off&#8221; custom_padding=&#8221;10px|40px|10px|40px|true|true&#8221; animation_style=&#8221;fade&#8221; animation_duration=&#8221;1500ms&#8221; animation_delay=&#8221;1000ms&#8221; global_colors_info=&#8221;{}&#8221; button_bg_color__hover_enabled=&#8221;on|hover&#8221; button_bg_color__hover=&#8221;#ffdbd1&#8243; button_bg_enable_color__hover=&#8221;on&#8221; button_border_width__hover_enabled=&#8221;on|desktop&#8221; button_border_color__hover_enabled=&#8221;on|hover&#8221; button_border_color__hover=&#8221;#ffdbd1&#8243;][\/et_pb_button][\/et_pb_column][\/et_pb_row][et_pb_row column_structure=&#8221;1_3,1_3,1_3&#8243; use_custom_gutter=&#8221;on&#8221; gutter_width=&#8221;1&#8243; make_equal=&#8221;on&#8221; _builder_version=&#8221;4.21.0&#8243; _module_preset=&#8221;default&#8221; width=&#8221;90%&#8221; width_tablet=&#8221;80%&#8221; width_phone=&#8221;90%&#8221; width_last_edited=&#8221;on|tablet&#8221; max_width=&#8221;1200px&#8221; custom_margin=&#8221;0px||0px||true|false&#8221; custom_padding=&#8221;20px||20px||true|false&#8221; global_colors_info=&#8221;{}&#8221;][et_pb_column type=&#8221;1_3&#8243; _builder_version=&#8221;4.16&#8243; _module_preset=&#8221;default&#8221; global_colors_info=&#8221;{}&#8221;][et_pb_text module_class=&#8221;LinkFooterBranco&#8221; _builder_version=&#8221;4.21.0&#8243; _module_preset=&#8221;default&#8221; text_font=&#8221;||||||||&#8221; text_text_color=&#8221;#414141&#8243; text_font_size=&#8221;12px&#8221; background_layout=&#8221;dark&#8221; custom_margin=&#8221;0px||0px||true|false&#8221; custom_padding=&#8221;0px||0px||false|false&#8221; custom_padding_tablet=&#8221;5px||20px||false|false&#8221; custom_padding_phone=&#8221;5px||30px||false|false&#8221; custom_padding_last_edited=&#8221;on|phone&#8221; text_line_height_last_edited=&#8221;off|tablet&#8221; text_orientation_tablet=&#8221;center&#8221; text_orientation_phone=&#8221;center&#8221; text_orientation_last_edited=&#8221;on|phone&#8221; global_colors_info=&#8221;{}&#8221;]<a href=\"https:\/\/performancebyhm.com\/fr\/protecao-de-dados\/#RLO\">MARC<\/a> \u00a0\u00a0 <a href=\"https:\/\/performancebyhm.com\/fr\/politique-dintegrite\/\"> Politique d&#8217;int\u00e9grit\u00e9<\/a> \u00a0\u00a0 <a href=\"https:\/\/performancebyhm.com\/fr\/protecao-de-dados\/#PP\">Confidentialit\u00e9<\/a> \u00a0\u00a0 <a href=\"https:\/\/performancebyhm.com\/fr\/protecao-de-dados\/#PC\">Cookies<\/a>[\/et_pb_text][\/et_pb_column][et_pb_column type=&#8221;1_3&#8243; _builder_version=&#8221;4.16&#8243; _module_preset=&#8221;default&#8221; global_colors_info=&#8221;{}&#8221;][et_pb_social_media_follow icon_color=&#8221;#333333&#8243; use_icon_font_size=&#8221;on&#8221; icon_font_size=&#8221;13px&#8221; _builder_version=&#8221;4.21.0&#8243; text_orientation=&#8221;center&#8221; custom_margin=&#8221;0px||0px||true|false&#8221; custom_padding=&#8221;0px||0px||true|false&#8221; custom_padding_tablet=&#8221;0px||25px||false|false&#8221; custom_padding_phone=&#8221;&#8221; custom_padding_last_edited=&#8221;on|desktop&#8221; text_orientation_tablet=&#8221;center&#8221; text_orientation_phone=&#8221;center&#8221; text_orientation_last_edited=&#8221;on|desktop&#8221; border_radii=&#8221;on|50px|50px|50px|50px&#8221; locked=&#8221;off&#8221; global_colors_info=&#8221;{}&#8221;][et_pb_social_media_follow_network social_network=&#8221;instagram&#8221; url=&#8221;https:\/\/www.instagram.com\/performancebyhm\/&#8221; icon_color=&#8221;#595959&#8243; _builder_version=&#8221;4.21.0&#8243; background_color=&#8221;rgba(0,0,0,0)&#8221; background_enable_color=&#8221;on&#8221; custom_margin=&#8221;0px|0px|0px|0px|true|true&#8221; custom_padding=&#8221;0px|0px|0px|0px|true|true&#8221; border_width_all=&#8221;1px&#8221; border_color_all=&#8221;#595959&#8243; global_colors_info=&#8221;{}&#8221; icon_color__hover_enabled=&#8221;on|desktop&#8221; icon_color__hover=&#8221;#FFFFFF&#8221; background__hover_enabled=&#8221;on|hover&#8221; background_color__hover=&#8221;#333333&#8243; background_enable_color__hover=&#8221;on&#8221; follow_button=&#8221;off&#8221; url_new_window=&#8221;on&#8221;]instagram[\/et_pb_social_media_follow_network][et_pb_social_media_follow_network social_network=&#8221;linkedin&#8221; url=&#8221;https:\/\/www.linkedin.com\/company\/performancebyhm\/&#8221; icon_color=&#8221;#595959&#8243; _builder_version=&#8221;4.21.0&#8243; _module_preset=&#8221;default&#8221; background_color=&#8221;rgba(0,0,0,0)&#8221; background_enable_color=&#8221;on&#8221; custom_margin=&#8221;0px|0px|0px|0px|true|true&#8221; custom_padding=&#8221;0px|0px|0px|0px|true|true&#8221; border_width_all=&#8221;1px&#8221; border_color_all=&#8221;#595959&#8243; global_colors_info=&#8221;{}&#8221; icon_color__hover=&#8221;#FFFFFF&#8221; icon_color__hover_enabled=&#8221;on|desktop&#8221; background_color__hover=&#8221;#333333&#8243; background__hover_enabled=&#8221;on|hover&#8221; background_enable_color__hover=&#8221;on&#8221; follow_button=&#8221;off&#8221; url_new_window=&#8221;on&#8221;]linkedin[\/et_pb_social_media_follow_network][\/et_pb_social_media_follow][\/et_pb_column][et_pb_column type=&#8221;1_3&#8243; _builder_version=&#8221;4.16&#8243; _module_preset=&#8221;default&#8221; global_colors_info=&#8221;{}&#8221;][et_pb_text content_tablet=&#8221;\u00a9 <a href=%22https:\/\/criativo.net\/%22 data-et-target-link=%22_blank%22 rel=%22noopener%22>webdesign <\/a>by <a href=%22https:\/\/criativo.net\/%22 data-et-target-link=%22_blank%22 rel=%22noopener%22>criativo.net<\/a><br \/>\nBranding by <a href=%22https:\/\/www.instagram.com\/mlselection\/%22 data-et-target-link=%22_blank%22 rel=%22noopener%22>Studio Andr\u00e9 Lemos Pinto<\/a> &#8221; content_phone=&#8221;\u00a9 <a href=%22https:\/\/criativo.net\/%22 data-et-target-link=%22_blank%22 rel=%22noopener%22>webdesign <\/a>by <a href=%22https:\/\/criativo.net\/%22 data-et-target-link=%22_blank%22 rel=%22noopener%22>criativo.net<\/a><br \/>\nBranding by <a href=%22https:\/\/www.instagram.com\/mlselection\/%22 data-et-target-link=%22_blank%22 rel=%22noopener%22>Studio Andr\u00e9 Lemos Pinto<\/a> &#8221; content_last_edited=&#8221;off|desktop&#8221; disabled_on=&#8221;off|off|off&#8221; module_class=&#8221;LinkFooterBranco&#8221; _builder_version=&#8221;4.21.0&#8243; _module_preset=&#8221;default&#8221; text_font=&#8221;||||||||&#8221; text_text_color=&#8221;#414141&#8243; text_font_size=&#8221;12px&#8221; text_line_height=&#8221;1.5em&#8221; text_orientation=&#8221;right&#8221; custom_margin=&#8221;0px|15px|0px||true|false&#8221; custom_margin_tablet=&#8221;|0px|||true|false&#8221; custom_margin_phone=&#8221;0px|0px|0px||true|false&#8221; custom_margin_last_edited=&#8221;on|tablet&#8221; custom_padding=&#8221;0px||0px||true|false&#8221; text_orientation_tablet=&#8221;center&#8221; text_orientation_phone=&#8221;&#8221; text_orientation_last_edited=&#8221;on|desktop&#8221; global_colors_info=&#8221;{}&#8221;]\u00a9 <a href=\"https:\/\/criativo.net\/\" target=\"_blank\" rel=\"noopener\">webdesign <\/a>by <a href=\"https:\/\/criativo.net\/\" target=\"_blank\" rel=\"noopener\">criativo.net<\/a><br \/>\nBranding by <a href=\"https:\/\/www.instagram.com\/mlselection\/\" target=\"_blank\" rel=\"noopener\">Studio Andr\u00e9 Lemos Pinto<\/a>[\/et_pb_text][\/et_pb_column][\/et_pb_row][\/et_pb_section][et_pb_section fb_built=&#8221;1&#8243; disabled_on=&#8221;on|on|on&#8221; _builder_version=&#8221;4.18.0&#8243; background_color=&#8221;#F3F4F8&#8243; background_image=&#8221;https:\/\/performancebyhm.com\/fr\/wp-content\/uploads\/2021\/07\/GlobalMarketng_Contactos_Formulario_NEW5.jpg&#8221; parallax=&#8221;on&#8221; parallax_method=&#8221;off&#8221; custom_margin=&#8221;0px|0px|0px|0px|true|true&#8221; custom_padding=&#8221;0px||0px||true|false&#8221; bottom_divider_color=&#8221;#FFFFFF&#8221; bottom_divider_flip=&#8221;horizontal&#8221; bottom_divider_arrangement=&#8221;above_content&#8221; disabled=&#8221;on&#8221; global_module=&#8221;58887&#8243; saved_tabs=&#8221;all&#8221; locked=&#8221;off&#8221; global_colors_info=&#8221;{}&#8221;][et_pb_row use_custom_gutter=&#8221;on&#8221; gutter_width=&#8221;1&#8243; make_equal=&#8221;on&#8221; custom_padding_last_edited=&#8221;on|phone&#8221; _builder_version=&#8221;4.18.0&#8243; background_color=&#8221;rgba(51,51,51,0.31)&#8221; width=&#8221;100%&#8221; max_width=&#8221;100%&#8221; module_alignment=&#8221;center&#8221; custom_margin=&#8221;0px||0px||true|false&#8221; custom_padding=&#8221;220px|30px|220px|30px|true|true&#8221; custom_padding_tablet=&#8221;100px||100px||true|false&#8221; custom_padding_phone=&#8221;100px||100px||true|false&#8221; global_colors_info=&#8221;{}&#8221;][et_pb_column type=&#8221;4_4&#8243; _builder_version=&#8221;4.16&#8243; global_colors_info=&#8221;{}&#8221;][et_pb_text disabled_on=&#8221;on|on|off&#8221; _builder_version=&#8221;4.17.6&#8243; text_font=&#8221;||||||||&#8221; text_font_size=&#8221;18px&#8221; header_font=&#8221;||||||||&#8221; header_2_font=&#8221;|300|||||||&#8221; header_2_font_size=&#8221;25px&#8221; text_orientation=&#8221;center&#8221; background_layout=&#8221;dark&#8221; max_width=&#8221;730px&#8221; module_alignment=&#8221;center&#8221; custom_margin=&#8221;0px||0px||true&#8221; custom_padding=&#8221;0px||0px||true&#8221; text_font_size_tablet=&#8221;17px&#8221; text_font_size_phone=&#8221;16px&#8221; text_font_size_last_edited=&#8221;on|desktop&#8221; header_2_font_size_tablet=&#8221;22px&#8221; header_2_font_size_phone=&#8221;18px&#8221; header_2_font_size_last_edited=&#8221;on|desktop&#8221; locked=&#8221;off&#8221; global_colors_info=&#8221;{}&#8221;]<\/p>\n<h2 style=\"padding-bottom: 0px;\">Interessado nos nossos servi\u00e7os?<\/h2>\n<p>[\/et_pb_text][et_pb_text content_tablet=&#8221;<\/p>\n<h1 style=%22padding-bottom: 0px; font-weight: 300;%22>Solicite um or\u00e7amento sem compromisso<\/h1>\n<p>&#8221; content_last_edited=&#8221;off|desktop&#8221; disabled_on=&#8221;off|off|off&#8221; _builder_version=&#8221;4.18.0&#8243; text_font=&#8221;||||||||&#8221; header_font=&#8221;|700|||||||&#8221; header_font_size=&#8221;34px&#8221; header_2_font=&#8221;||||||||&#8221; text_orientation=&#8221;center&#8221; background_layout=&#8221;dark&#8221; module_alignment=&#8221;center&#8221; custom_margin=&#8221;0px||0px||true&#8221; custom_padding=&#8221;0px||0px||true&#8221; header_font_size_tablet=&#8221;25px&#8221; header_font_size_phone=&#8221;22px&#8221; header_font_size_last_edited=&#8221;on|desktop&#8221; header_line_height_tablet=&#8221;&#8221; header_line_height_phone=&#8221;1.1em&#8221; header_line_height_last_edited=&#8221;on|phone&#8221; locked=&#8221;off&#8221; global_colors_info=&#8221;{}&#8221;]<\/p>\n<h1 style=\"padding-bottom: 0px; \">Solicite um or\u00e7amento sem compromisso<\/h1>\n<p>[\/et_pb_text][et_pb_button button_text=&#8221;Contactos&#8221; button_alignment=&#8221;center&#8221; _builder_version=&#8221;4.18.0&#8243; _module_preset=&#8221;default&#8221; custom_button=&#8221;on&#8221; button_text_color=&#8221;#333333&#8243; button_bg_color=&#8221;#FFFFFF&#8221; button_border_color=&#8221;#FFFFFF&#8221; button_use_icon=&#8221;off&#8221; custom_margin=&#8221;20px||||false|false&#8221; custom_padding=&#8221;9px|35px|9px|35px|true|true&#8221; global_colors_info=&#8221;{}&#8221; button_text_color__hover_enabled=&#8221;on|desktop&#8221; button_text_color__hover=&#8221;#FFFFFF&#8221; button_bg_color__hover_enabled=&#8221;on|hover&#8221; button_bg_color__hover=&#8221;#4285F4&#8243; button_bg_enable_color__hover=&#8221;on&#8221; button_border_color__hover_enabled=&#8221;on|hover&#8221; button_border_color__hover=&#8221;#4285F4&#8243;][\/et_pb_button][\/et_pb_column][\/et_pb_row][\/et_pb_section]<\/p>\n","protected":false},"excerpt":{"rendered":"<p>Histoire Herm\u00ednia Macieira travaille dans le secteur textile depuis 1985.Ses connaissances approfondies dans le domaine du textile et de l&#8217;habillement ont permis \u00e0 la soci\u00e9t\u00e9 Herm\u00ednia &amp; Jos\u00e9 Macieira, fond\u00e9e en 2001, de devenir rapidement une r\u00e9f\u00e9rence sur le march\u00e9, offrant des produits de qualit\u00e9 \u00e0 ses clients, situ\u00e9s essentiellement en Europe. Le 15 octobre [&hellip;]<\/p>\n","protected":false},"author":3,"featured_media":0,"parent":0,"menu_order":0,"comment_status":"closed","ping_status":"closed","template":"","meta":{"_et_pb_use_builder":"on","_et_pb_old_content":"","_et_gb_content_width":"","footnotes":""},"class_list":["post-62782","page","type-page","status-publish","hentry"],"_links":{"self":[{"href":"https:\/\/performancebyhm.com\/fr\/wp-json\/wp\/v2\/pages\/62782","targetHints":{"allow":["GET"]}}],"collection":[{"href":"https:\/\/performancebyhm.com\/fr\/wp-json\/wp\/v2\/pages"}],"about":[{"href":"https:\/\/performancebyhm.com\/fr\/wp-json\/wp\/v2\/types\/page"}],"author":[{"embeddable":true,"href":"https:\/\/performancebyhm.com\/fr\/wp-json\/wp\/v2\/users\/3"}],"replies":[{"embeddable":true,"href":"https:\/\/performancebyhm.com\/fr\/wp-json\/wp\/v2\/comments?post=62782"}],"version-history":[{"count":69,"href":"https:\/\/performancebyhm.com\/fr\/wp-json\/wp\/v2\/pages\/62782\/revisions"}],"predecessor-version":[{"id":64758,"href":"https:\/\/performancebyhm.com\/fr\/wp-json\/wp\/v2\/pages\/62782\/revisions\/64758"}],"wp:attachment":[{"href":"https:\/\/performancebyhm.com\/fr\/wp-json\/wp\/v2\/media?parent=62782"}],"curies":[{"name":"wp","href":"https:\/\/api.w.org\/{rel}","templated":true}]}}