{"id":63639,"date":"2023-04-13T16:10:05","date_gmt":"2023-04-13T16:10:05","guid":{"rendered":"https:\/\/performancebyhm.com\/fr\/?page_id=63639"},"modified":"2023-06-07T09:26:51","modified_gmt":"2023-06-07T09:26:51","slug":"politique-dintegrite","status":"publish","type":"page","link":"https:\/\/performancebyhm.com\/fr\/politique-dintegrite\/","title":{"rendered":"Politique d&#8217;int\u00e9grit\u00e9"},"content":{"rendered":"<p>[et_pb_section fb_built=&#8221;1&#8243; module_id=&#8221;PP&#8221; _builder_version=&#8221;4.20.4&#8243; background_color=&#8221;#FFFFFF&#8221; custom_margin=&#8221;0px||0px|&#8221; custom_padding=&#8221;0px|0px|0px|0px&#8221; global_colors_info=&#8221;{}&#8221;][et_pb_row custom_padding_last_edited=&#8221;on|desktop&#8221; _builder_version=&#8221;4.20.4&#8243; background_size=&#8221;initial&#8221; background_position=&#8221;top_left&#8221; background_repeat=&#8221;repeat&#8221; custom_margin=&#8221;0px||0px||true&#8221; custom_padding=&#8221;80px||0px||false|false&#8221; custom_padding_tablet=&#8221;80px||80px|&#8221; custom_padding_phone=&#8221;60px||60px|&#8221; global_colors_info=&#8221;{}&#8221;][et_pb_column type=&#8221;4_4&#8243; _builder_version=&#8221;4.16&#8243; custom_padding=&#8221;|||&#8221; global_colors_info=&#8221;{}&#8221; custom_padding__hover=&#8221;|||&#8221;][et_pb_text module_class=&#8221;ullib&#8221; _builder_version=&#8221;4.21.0&#8243; text_font=&#8221;||||||||&#8221; header_font=&#8221;|600|||||||&#8221; text_orientation=&#8221;justified&#8221; custom_margin=&#8221;0px||0px|&#8221; custom_padding=&#8221;0px||10px||false|false&#8221; global_colors_info=&#8221;{}&#8221;]<\/p>\n<h1>Politique d&#8217;int\u00e9grit\u00e9 de la soci\u00e9t\u00e9 PERFORMANCE BY HM <\/h1>\n<p>[\/et_pb_text][et_pb_text module_class=&#8221;ullib&#8221; _builder_version=&#8221;4.21.0&#8243; text_font=&#8221;||||||||&#8221; header_font=&#8221;|600|||||||&#8221; custom_margin=&#8221;0px||0px|&#8221; custom_padding=&#8221;0px||0px|&#8221; hover_enabled=&#8221;0&#8243; global_colors_info=&#8221;{}&#8221; sticky_enabled=&#8221;0&#8243;]Consid\u00e9rant\u00a0:<\/p>\n<p><strong>\u2022<\/strong> Que la d\u00e9finition d&#8217;int\u00e9grit\u00e9 est largement associ\u00e9e aux notions d&#8217;honn\u00eatet\u00e9, de transparence, de sensibilisation et de responsabilit\u00e9, au respect constant de principes moraux et \u00e9thiques solides, ainsi qu&#8217;\u00e0 une stricte conformit\u00e9 l\u00e9gale et r\u00e9glementaire;<\/p>\n<p><strong>\u2022<\/strong> Que la commission d&#8217;infractions p\u00e9nales ou administratives, telles que la corruption et les pots-de-vin, le trafic d&#8217;influence, le blanchiment d&#8217;argent et le financement du terrorisme, la discrimination, l&#8217;abus d&#8217;informations privil\u00e9gi\u00e9es, les pratiques anticoncurrentielles, le non-respect de la vie priv\u00e9e, en raison de la protection des donn\u00e9es et des exigences de pr\u00e9server la confidentialit\u00e9 des informations, ainsi que le non-respect de la loi en mati\u00e8re d&#8217;environnement, de pr\u00e9vention et de s\u00e9curit\u00e9, entre autres, peuvent, dans certains cas, mettre en p\u00e9ril la paix publique, la s\u00e9curit\u00e9 et le bien-\u00eatre des citoyens, ainsi que la stabilit\u00e9 des march\u00e9s, pouvant avoir des implications au niveau (i) politique, dans la mesure o\u00f9 elles compromettent la d\u00e9mocratie et l&#8217;\u00c9tat de droit\u00a0; (ii) \u00e9conomique, dans la mesure o\u00f9 des ressources pr\u00e9cieuses et n\u00e9cessaires \u00e0 la croissance et au d\u00e9veloppement de la soci\u00e9t\u00e9 sont d\u00e9tourn\u00e9es\u00a0; (iii) social, puisqu&#8217;elles favorisent l&#8217;instabilit\u00e9, l&#8217;ins\u00e9curit\u00e9 et la m\u00e9fiance des citoyens, et (iv) environnemental, dans la mesure o\u00f9 elles peuvent favoriser la d\u00e9gradation des \u00e9cosyst\u00e8mes et leur p\u00e9rennit\u00e9;<\/p>\n<p><strong>\u2022\u00a0<\/strong>Que, dans ce contexte, il existe une logique int\u00e9gr\u00e9e de pr\u00e9vention et de lutte contre la commission de ce type d&#8217;actes ill\u00e9gaux, sur le plan national et international, fond\u00e9e sur une politique de tol\u00e9rance z\u00e9ro qui se traduit par l&#8217;adoption d&#8217;une l\u00e9gislation de plus en plus stricte et exigeante qui favorise la coop\u00e9ration entre les organisations priv\u00e9es et les pouvoirs publics;<\/p>\n<p><strong>\u2022<\/strong> L&#8217;\u00e9volution du contexte de PERFORMANCE BY HM, aussi bien en ce qui concerne les activit\u00e9s exerc\u00e9es que par rapport \u00e0 son cadre l\u00e9gal et r\u00e9glementaire, en mettant l&#8217;accent dans ce contexte sur la publication, au Portugal, du R\u00e9gime g\u00e9n\u00e9ral de pr\u00e9vention de la corruption (d\u00e9cret-loi n\u00ba 109-E\/2021, du 9 d\u00e9cembre 2021), et l&#8217;\u00e9volution des meilleures pratiques internationales en mati\u00e8re d&#8217;int\u00e9grit\u00e9, ainsi que l&#8217;exp\u00e9rience acquise dans l&#8217;application de la politique d&#8217;int\u00e9grit\u00e9 de PERFORMANCE BY HM;<\/p>\n<p><strong>\u2022<\/strong> Le besoin permanent d&#8217;aligner les activit\u00e9s de PERFORMANCE BY HM sur les meilleures pratiques du march\u00e9 et dans le strict respect de la l\u00e9gislation et de la r\u00e9glementation applicables \u00e0 ses activit\u00e9s, notamment en mati\u00e8re de pr\u00e9vention et de lutte contre la commission d&#8217;actes ill\u00e9gaux, notamment les comportements li\u00e9s \u00e0 la commission d&#8217;actes de corruption, pots-de-vin, blanchiment d&#8217;argent et financement du terrorisme.[\/et_pb_text][et_pb_text module_class=&#8221;ullib&#8221; _builder_version=&#8221;4.21.0&#8243; text_font=&#8221;||||||||&#8221; header_font=&#8221;||||||||&#8221; custom_margin=&#8221;0px||0px|&#8221; custom_padding=&#8221;40px||0px||false|false&#8221; global_colors_info=&#8221;{}&#8221;]<strong>1. OBJET<\/strong><\/p>\n<p>Cette politique vise \u00e0 d\u00e9finir les principes g\u00e9n\u00e9raux de fonctionnement et les devoirs de la soci\u00e9t\u00e9 PERFORMANCE BY HM, de ses dirigeants, collaborateurs et partenaires commerciaux, afin de pr\u00e9venir les comportements illicites, notamment les comportements li\u00e9s aux d\u00e9lits de corruption, d&#8217;avantage indu, de blanchiment d&#8217;argent et financement du terrorisme, de pratiques restrictives de la concurrence et de non-respect des r\u00e8gles de protection des donn\u00e9es.<\/p>\n<p>En outre, elle entend contribuer \u00e0 la promotion d&#8217;une conduite \u00e9thique et loyale dans les affaires d\u00e9velopp\u00e9es par PERFORMANCE BY HM, en veillant au respect de la l\u00e9gislation et des principes et r\u00e8gles adopt\u00e9s.<\/p>\n<p>&nbsp;<\/p>\n<p><strong>2. CHAMP D&#8217;APPLICATION<\/strong><\/p>\n<p>La pr\u00e9sente politique s&#8217;applique \u00e0 l&#8217;ensemble de PERFORMANCE BY HM, y compris ses administrateurs, collaborateurs, prestataires de services qui agissent en son nom ou pour le compte et dans son int\u00e9r\u00eat direct ou indirect, quelle que soit la nature ou la forme de sa relation juridique avec l&#8217;entit\u00e9 concern\u00e9e.<\/p>\n<p>Cette politique n&#8217;a pas pour but de traiter les sp\u00e9cificit\u00e9s l\u00e9gales et r\u00e9glementaires de tous les territoires o\u00f9 l&#8217;entreprise op\u00e8re, mais cherche plut\u00f4t \u00e0 \u00e9tablir un engagement commun pour assurer le respect de toutes les lois applicables et des principes qui lient l&#8217;entreprise. PERFORMANCE BY HM peut approuver ses propres politiques et proc\u00e9dures, afin d&#8217;assurer \u00e9galement le respect de la l\u00e9gislation applicable localement. Dans tous les cas, la soci\u00e9t\u00e9 doit assurer le plein respect de la pr\u00e9sente politique.<\/p>\n<p>Chaque fois que les exigences de la l\u00e9gislation locale applicable aux filiales \/ soci\u00e9t\u00e9s sont moins exigeantes que les dispositions de la pr\u00e9sente politique et d&#8217;autres politiques et proc\u00e9dures connexes, celles-ci doivent garantir l&#8217;alignement avec les principes \u00e9tablis dans les politiques de la soci\u00e9t\u00e9.<\/p>\n<p>Les politiques locales qui adaptent et d\u00e9veloppent les principes de cette politique aux sp\u00e9cificit\u00e9s du territoire respectif, ou toute exception \u00e0 l&#8217;application de cette politique en raison d&#8217;une interdiction par la l\u00e9gislation locale, doivent \u00eatre soumises \u00e0 la consultation et \u00e0 l&#8217;examen de la direction de PERFORMANCE BY HM, et une coordination ad\u00e9quate doit \u00eatre maintenue afin que ces politiques ou proc\u00e9dures restent coh\u00e9rentes avec les principes \u00e9nonc\u00e9s dans la pr\u00e9sente politique et d&#8217;autres proc\u00e9dures connexes.<\/p>\n<p>Les repr\u00e9sentants de PERFORMANCE BY HM faisant partie des organes de direction sont responsables de l&#8217;adoption des mesures et de l&#8217;accomplissement des actes n\u00e9cessaires \u00e0 la mise en \u0153uvre de la pr\u00e9sente politique.<\/p>\n<p>&nbsp;<\/p>\n<p><strong>3. DESCRIPTION ET RESPONSABILIT\u00c9S<\/strong><br \/>\n<em><strong>Les engagements de PERFORMANCE BY HM<\/strong><\/em><\/p>\n<p>PERFORMANCE BY HM s&#8217;engage \u00e0 exercer son activit\u00e9 dans le strict respect des lois et r\u00e8glements en vigueur, ainsi qu&#8217;\u00e0 promouvoir une action responsable guid\u00e9e par les plus hauts standards d&#8217;\u00e9thique et d&#8217;int\u00e9grit\u00e9.<\/p>\n<p>Le respect de la l\u00e9gislation nationale et internationale, applicable \u00e0 PERFORMANCE BY HM, ainsi que de la pr\u00e9sente politique et des autres politiques, proc\u00e9dures et instruments internes de toute nature approuv\u00e9s et applicables, est obligatoire en toutes circonstances, et tout acte ou omission qui constituent une violation ou un non-respect de ces r\u00e8gles n&#8217;est pas tol\u00e9r\u00e9.<\/p>\n<p>PERFORMANCE BY HM favorise une conduite non seulement conforme \u00e0 la loi, mais \u00e9galement impartiale, honn\u00eate, int\u00e8gre, professionnelle et juste. PERFORMANCE BY HM, ainsi que les collaborateurs et prestataires qui agissent en son nom, sont tenus de d&#8217;agir en conformit\u00e9 avec cet engagement.<\/p>\n<p>PERFORMANCE BY HM assume ainsi activement et express\u00e9ment une politique de tol\u00e9rance z\u00e9ro \u00e0 l&#8217;\u00e9gard de tout type d&#8217;acte non conforme aux r\u00e8gles l\u00e9gales et r\u00e9glementaires applicables. Elle garantit \u00e9galement une collaboration avec les autorit\u00e9s comp\u00e9tentes afin de d\u00e9tecter, d\u00e9noncer et \u00e9liminer ces comportements.<\/p>\n<p>Dans ce cadre, PERFORMANCE BY HM met en \u0153uvre des proc\u00e9dures appropri\u00e9es pour pr\u00e9venir et att\u00e9nuer les risques de pratiques ill\u00e9gales dans toutes ses activit\u00e9s, telles que des actes de corruption, de pr\u00e9varication, de blanchiment d&#8217;argent ou d&#8217;abus d&#8217;informations privil\u00e9gi\u00e9es. En outre, PERFORMANCE BY HM adopte les proc\u00e9dures n\u00e9cessaires pour d\u00e9tecter d&#8217;\u00e9ventuelles situations de ce type et les communiquer aux autorit\u00e9s comp\u00e9tentes.<\/p>\n<p>PERFORMANCE BY HM s&#8217;engage \u00e9galement \u00e0 revoir et \u00e0 adapter p\u00e9riodiquement ses proc\u00e9dures et m\u00e9canismes internes et, chaque fois qu&#8217;ils s&#8217;av\u00e8rent insuffisants, \u00e0 veiller \u00e0 leur alignement avec les exigences l\u00e9gales et les meilleures pratiques du march\u00e9.[\/et_pb_text][\/et_pb_column][\/et_pb_row][\/et_pb_section][et_pb_section fb_built=&#8221;1&#8243; disabled_on=&#8221;off|off|off&#8221; _builder_version=&#8221;4.21.0&#8243; _module_preset=&#8221;default&#8221; background_enable_color=&#8221;off&#8221; background_image=&#8221;https:\/\/performancebyhm.com\/fr\/wp-content\/uploads\/2023\/06\/hm_footer_final3.png&#8221; custom_margin=&#8221;200px||0px||false|false&#8221; custom_margin_tablet=&#8221;120px||0px||false|false&#8221; custom_margin_phone=&#8221;120px||0px||false|false&#8221; custom_margin_last_edited=&#8221;on|tablet&#8221; custom_padding=&#8221;50px||50px||true|false&#8221; background_color_phone=&#8221;#E8AD9D&#8221; background_last_edited=&#8221;on|phone&#8221; background_enable_color_phone=&#8221;on&#8221; background_enable_image_phone=&#8221;off&#8221; global_module=&#8221;62587&#8243; saved_tabs=&#8221;all&#8221; global_colors_info=&#8221;{}&#8221;][et_pb_row _builder_version=&#8221;4.20.2&#8243; _module_preset=&#8221;default&#8221; custom_margin=&#8221;-95px||||false|false&#8221; custom_padding=&#8221;0px||60px||false|false&#8221; global_colors_info=&#8221;{}&#8221;][et_pb_column type=&#8221;4_4&#8243; _builder_version=&#8221;4.20.2&#8243; _module_preset=&#8221;default&#8221; global_colors_info=&#8221;{}&#8221;][et_pb_image src=&#8221;https:\/\/performancebyhm.com\/fr\/wp-content\/uploads\/2023\/04\/hm_icon_footer_white.png&#8221; title_text=&#8221;hm_icon_footer_white&#8221; align=&#8221;center&#8221; _builder_version=&#8221;4.20.2&#8243; _module_preset=&#8221;default&#8221; width=&#8221;100px&#8221; animation_style=&#8221;slide&#8221; animation_direction=&#8221;bottom&#8221; animation_duration=&#8221;1500ms&#8221; animation_intensity_slide=&#8221;20%&#8221; border_radii=&#8221;on|50px|50px|50px|50px&#8221; box_shadow_style=&#8221;preset1&#8243; box_shadow_color=&#8221;rgba(0,0,0,0.18)&#8221; global_colors_info=&#8221;{}&#8221;][\/et_pb_image][et_pb_text _builder_version=&#8221;4.20.2&#8243; _module_preset=&#8221;default&#8221; text_font=&#8221;|300|||||||&#8221; text_text_color=&#8221;#ffdbd1&#8243; text_font_size=&#8221;30px&#8221; text_orientation=&#8221;center&#8221; background_layout=&#8221;dark&#8221; custom_padding=&#8221;10px||10px||false|false&#8221; animation_style=&#8221;fade&#8221; animation_duration=&#8221;1500ms&#8221; text_font_size_tablet=&#8221;30px&#8221; text_font_size_phone=&#8221;21px&#8221; text_font_size_last_edited=&#8221;on|phone&#8221; global_colors_info=&#8221;{}&#8221;]Your Fashion. Our Mission.[\/et_pb_text][et_pb_button button_url=&#8221;https:\/\/performancebyhm.com\/fr\/contacts\/&#8221; button_text=&#8221;Contactez-nous&#8221; button_alignment=&#8221;center&#8221; _builder_version=&#8221;4.21.0&#8243; _module_preset=&#8221;default&#8221; custom_button=&#8221;on&#8221; button_text_size=&#8221;12px&#8221; button_text_color=&#8221;#333333&#8243; button_bg_color=&#8221;#f7c9bc&#8221; button_border_color=&#8221;#f7c9bc&#8221; button_use_icon=&#8221;off&#8221; custom_padding=&#8221;10px|40px|10px|40px|true|true&#8221; animation_style=&#8221;fade&#8221; animation_duration=&#8221;1500ms&#8221; animation_delay=&#8221;1000ms&#8221; global_colors_info=&#8221;{}&#8221; button_bg_color__hover_enabled=&#8221;on|hover&#8221; button_bg_color__hover=&#8221;#ffdbd1&#8243; button_bg_enable_color__hover=&#8221;on&#8221; button_border_width__hover_enabled=&#8221;on|desktop&#8221; button_border_color__hover_enabled=&#8221;on|hover&#8221; button_border_color__hover=&#8221;#ffdbd1&#8243;][\/et_pb_button][\/et_pb_column][\/et_pb_row][et_pb_row column_structure=&#8221;1_3,1_3,1_3&#8243; use_custom_gutter=&#8221;on&#8221; gutter_width=&#8221;1&#8243; make_equal=&#8221;on&#8221; _builder_version=&#8221;4.21.0&#8243; _module_preset=&#8221;default&#8221; width=&#8221;90%&#8221; width_tablet=&#8221;80%&#8221; width_phone=&#8221;90%&#8221; width_last_edited=&#8221;on|tablet&#8221; max_width=&#8221;1200px&#8221; custom_margin=&#8221;0px||0px||true|false&#8221; custom_padding=&#8221;20px||20px||true|false&#8221; global_colors_info=&#8221;{}&#8221;][et_pb_column type=&#8221;1_3&#8243; _builder_version=&#8221;4.16&#8243; _module_preset=&#8221;default&#8221; global_colors_info=&#8221;{}&#8221;][et_pb_text module_class=&#8221;LinkFooterBranco&#8221; _builder_version=&#8221;4.21.0&#8243; _module_preset=&#8221;default&#8221; text_font=&#8221;||||||||&#8221; text_text_color=&#8221;#414141&#8243; text_font_size=&#8221;12px&#8221; background_layout=&#8221;dark&#8221; custom_margin=&#8221;0px||0px||true|false&#8221; custom_padding=&#8221;0px||0px||false|false&#8221; custom_padding_tablet=&#8221;5px||20px||false|false&#8221; custom_padding_phone=&#8221;5px||30px||false|false&#8221; custom_padding_last_edited=&#8221;on|phone&#8221; text_line_height_last_edited=&#8221;off|tablet&#8221; text_orientation_tablet=&#8221;center&#8221; text_orientation_phone=&#8221;center&#8221; text_orientation_last_edited=&#8221;on|phone&#8221; global_colors_info=&#8221;{}&#8221;]<a href=\"https:\/\/performancebyhm.com\/fr\/protecao-de-dados\/#RLO\">MARC<\/a> \u00a0\u00a0 <a href=\"https:\/\/performancebyhm.com\/fr\/politique-dintegrite\/\"> Politique d&#8217;int\u00e9grit\u00e9<\/a> \u00a0\u00a0 <a href=\"https:\/\/performancebyhm.com\/fr\/protecao-de-dados\/#PP\">Confidentialit\u00e9<\/a> \u00a0\u00a0 <a href=\"https:\/\/performancebyhm.com\/fr\/protecao-de-dados\/#PC\">Cookies<\/a>[\/et_pb_text][\/et_pb_column][et_pb_column type=&#8221;1_3&#8243; _builder_version=&#8221;4.16&#8243; _module_preset=&#8221;default&#8221; global_colors_info=&#8221;{}&#8221;][et_pb_social_media_follow icon_color=&#8221;#333333&#8243; use_icon_font_size=&#8221;on&#8221; icon_font_size=&#8221;13px&#8221; _builder_version=&#8221;4.21.0&#8243; text_orientation=&#8221;center&#8221; custom_margin=&#8221;0px||0px||true|false&#8221; custom_padding=&#8221;0px||0px||true|false&#8221; custom_padding_tablet=&#8221;0px||25px||false|false&#8221; custom_padding_phone=&#8221;&#8221; custom_padding_last_edited=&#8221;on|desktop&#8221; text_orientation_tablet=&#8221;center&#8221; text_orientation_phone=&#8221;center&#8221; text_orientation_last_edited=&#8221;on|desktop&#8221; border_radii=&#8221;on|50px|50px|50px|50px&#8221; locked=&#8221;off&#8221; global_colors_info=&#8221;{}&#8221;][et_pb_social_media_follow_network social_network=&#8221;instagram&#8221; url=&#8221;https:\/\/www.instagram.com\/performancebyhm\/&#8221; icon_color=&#8221;#595959&#8243; _builder_version=&#8221;4.21.0&#8243; background_color=&#8221;rgba(0,0,0,0)&#8221; background_enable_color=&#8221;on&#8221; custom_margin=&#8221;0px|0px|0px|0px|true|true&#8221; custom_padding=&#8221;0px|0px|0px|0px|true|true&#8221; border_width_all=&#8221;1px&#8221; border_color_all=&#8221;#595959&#8243; global_colors_info=&#8221;{}&#8221; icon_color__hover_enabled=&#8221;on|desktop&#8221; icon_color__hover=&#8221;#FFFFFF&#8221; background__hover_enabled=&#8221;on|hover&#8221; background_color__hover=&#8221;#333333&#8243; background_enable_color__hover=&#8221;on&#8221; follow_button=&#8221;off&#8221; url_new_window=&#8221;on&#8221;]instagram[\/et_pb_social_media_follow_network][et_pb_social_media_follow_network social_network=&#8221;linkedin&#8221; url=&#8221;https:\/\/www.linkedin.com\/company\/performancebyhm\/&#8221; icon_color=&#8221;#595959&#8243; _builder_version=&#8221;4.21.0&#8243; _module_preset=&#8221;default&#8221; background_color=&#8221;rgba(0,0,0,0)&#8221; background_enable_color=&#8221;on&#8221; custom_margin=&#8221;0px|0px|0px|0px|true|true&#8221; custom_padding=&#8221;0px|0px|0px|0px|true|true&#8221; border_width_all=&#8221;1px&#8221; border_color_all=&#8221;#595959&#8243; global_colors_info=&#8221;{}&#8221; icon_color__hover=&#8221;#FFFFFF&#8221; icon_color__hover_enabled=&#8221;on|desktop&#8221; background_color__hover=&#8221;#333333&#8243; background__hover_enabled=&#8221;on|hover&#8221; background_enable_color__hover=&#8221;on&#8221; follow_button=&#8221;off&#8221; url_new_window=&#8221;on&#8221;]linkedin[\/et_pb_social_media_follow_network][\/et_pb_social_media_follow][\/et_pb_column][et_pb_column type=&#8221;1_3&#8243; _builder_version=&#8221;4.16&#8243; _module_preset=&#8221;default&#8221; global_colors_info=&#8221;{}&#8221;][et_pb_text content_tablet=&#8221;\u00a9 <a href=%22https:\/\/criativo.net\/%22 data-et-target-link=%22_blank%22 rel=%22noopener%22>webdesign <\/a>by <a href=%22https:\/\/criativo.net\/%22 data-et-target-link=%22_blank%22 rel=%22noopener%22>criativo.net<\/a><br \/>\nBranding by <a href=%22https:\/\/www.instagram.com\/mlselection\/%22 data-et-target-link=%22_blank%22 rel=%22noopener%22>Studio Andr\u00e9 Lemos Pinto<\/a> &#8221; content_phone=&#8221;\u00a9 <a href=%22https:\/\/criativo.net\/%22 data-et-target-link=%22_blank%22 rel=%22noopener%22>webdesign <\/a>by <a href=%22https:\/\/criativo.net\/%22 data-et-target-link=%22_blank%22 rel=%22noopener%22>criativo.net<\/a><br \/>\nBranding by <a href=%22https:\/\/www.instagram.com\/mlselection\/%22 data-et-target-link=%22_blank%22 rel=%22noopener%22>Studio Andr\u00e9 Lemos Pinto<\/a> &#8221; content_last_edited=&#8221;off|desktop&#8221; disabled_on=&#8221;off|off|off&#8221; module_class=&#8221;LinkFooterBranco&#8221; _builder_version=&#8221;4.21.0&#8243; _module_preset=&#8221;default&#8221; text_font=&#8221;||||||||&#8221; text_text_color=&#8221;#414141&#8243; text_font_size=&#8221;12px&#8221; text_line_height=&#8221;1.5em&#8221; text_orientation=&#8221;right&#8221; custom_margin=&#8221;0px|15px|0px||true|false&#8221; custom_margin_tablet=&#8221;|0px|||true|false&#8221; custom_margin_phone=&#8221;0px|0px|0px||true|false&#8221; custom_margin_last_edited=&#8221;on|tablet&#8221; custom_padding=&#8221;0px||0px||true|false&#8221; text_orientation_tablet=&#8221;center&#8221; text_orientation_phone=&#8221;&#8221; text_orientation_last_edited=&#8221;on|desktop&#8221; global_colors_info=&#8221;{}&#8221;]\u00a9 <a href=\"https:\/\/criativo.net\/\" target=\"_blank\" rel=\"noopener\">webdesign <\/a>by <a href=\"https:\/\/criativo.net\/\" target=\"_blank\" rel=\"noopener\">criativo.net<\/a><br \/>\nBranding by <a href=\"https:\/\/www.instagram.com\/mlselection\/\" target=\"_blank\" rel=\"noopener\">Studio Andr\u00e9 Lemos Pinto<\/a>[\/et_pb_text][\/et_pb_column][\/et_pb_row][\/et_pb_section]<\/p>\n","protected":false},"excerpt":{"rendered":"<p>Politique d&#8217;int\u00e9grit\u00e9 de la soci\u00e9t\u00e9 PERFORMANCE BY HM Consid\u00e9rant\u00a0: \u2022 Que la d\u00e9finition d&#8217;int\u00e9grit\u00e9 est largement associ\u00e9e aux notions d&#8217;honn\u00eatet\u00e9, de transparence, de sensibilisation et de responsabilit\u00e9, au respect constant de principes moraux et \u00e9thiques solides, ainsi qu&#8217;\u00e0 une stricte conformit\u00e9 l\u00e9gale et r\u00e9glementaire; \u2022 Que la commission d&#8217;infractions p\u00e9nales ou administratives, telles que la [&hellip;]<\/p>\n","protected":false},"author":3,"featured_media":0,"parent":0,"menu_order":0,"comment_status":"closed","ping_status":"closed","template":"","meta":{"_et_pb_use_builder":"on","_et_pb_old_content":"","_et_gb_content_width":"","footnotes":""},"class_list":["post-63639","page","type-page","status-publish","hentry"],"_links":{"self":[{"href":"https:\/\/performancebyhm.com\/fr\/wp-json\/wp\/v2\/pages\/63639","targetHints":{"allow":["GET"]}}],"collection":[{"href":"https:\/\/performancebyhm.com\/fr\/wp-json\/wp\/v2\/pages"}],"about":[{"href":"https:\/\/performancebyhm.com\/fr\/wp-json\/wp\/v2\/types\/page"}],"author":[{"embeddable":true,"href":"https:\/\/performancebyhm.com\/fr\/wp-json\/wp\/v2\/users\/3"}],"replies":[{"embeddable":true,"href":"https:\/\/performancebyhm.com\/fr\/wp-json\/wp\/v2\/comments?post=63639"}],"version-history":[{"count":28,"href":"https:\/\/performancebyhm.com\/fr\/wp-json\/wp\/v2\/pages\/63639\/revisions"}],"predecessor-version":[{"id":64765,"href":"https:\/\/performancebyhm.com\/fr\/wp-json\/wp\/v2\/pages\/63639\/revisions\/64765"}],"wp:attachment":[{"href":"https:\/\/performancebyhm.com\/fr\/wp-json\/wp\/v2\/media?parent=63639"}],"curies":[{"name":"wp","href":"https:\/\/api.w.org\/{rel}","templated":true}]}}